{"id":1196,"date":"2023-04-26T17:27:40","date_gmt":"2023-04-26T21:27:40","guid":{"rendered":"https:\/\/joseguangobajo.gob.ec\/cotopaxi\/?page_id=1196"},"modified":"2023-04-26T17:31:49","modified_gmt":"2023-04-26T21:31:49","slug":"gestion-2019-2023","status":"publish","type":"page","link":"https:\/\/joseguangobajo.gob.ec\/cotopaxi\/gestion-2019-2023\/","title":{"rendered":"Gesti\u00f3n 2019 &#8211; 2023"},"content":{"rendered":"<p><img fetchpriority=\"high\" decoding=\"async\" class=\"size-medium wp-image-1198 aligncenter\" src=\"https:\/\/joseguangobajo.gob.ec\/cotopaxi\/wp-content\/uploads\/2023\/04\/AUTORIDADES2019-2023-550x479.png\" alt=\"\" width=\"550\" height=\"479\" data-id=\"1198\" srcset=\"https:\/\/joseguangobajo.gob.ec\/cotopaxi\/wp-content\/uploads\/2023\/04\/AUTORIDADES2019-2023-550x479.png 550w, https:\/\/joseguangobajo.gob.ec\/cotopaxi\/wp-content\/uploads\/2023\/04\/AUTORIDADES2019-2023.png 617w\" sizes=\"(max-width: 550px) 100vw, 550px\" \/><\/p>\n<p>H\u00e9ctor Iv\u00e1n Viera Tomaico<br \/>\n<strong>PRESIDENTE GAD PARROQUIAL<\/strong><\/p>\n<p>Oscar Humberto Guti\u00e9rrez Guano<br \/>\n<strong>VICEPRESIDENTE<\/strong><\/p>\n<p>Marco Vinicio Venegas Yugsi<br \/>\n<strong>VOCAL PRINCIPAL<\/strong><\/p>\n<p>Edgar Ramiro Y\u00e1nez Arias<br \/>\n<strong>VOCAL PRINCIPAL<\/strong><\/p>\n<p>M\u00f3nica Liliana Rengifo Gallo<br \/>\n<strong>VOCAL PRINCIPAL<\/strong><\/p>\n<p>Rosa Paulina Molina Gallo<br \/>\n<strong>SECRETARIA-TESORERA<\/strong><\/p>\n","protected":false},"excerpt":{"rendered":"<p>H\u00e9ctor Iv\u00e1n Viera Tomaico PRESIDENTE GAD PARROQUIAL Oscar Humberto Guti\u00e9rrez Guano VICEPRESIDENTE Marco Vinicio Venegas Yugsi VOCAL PRINCIPAL Edgar Ramiro Y\u00e1nez Arias VOCAL PRINCIPAL M\u00f3nica Liliana Rengifo Gallo VOCAL PRINCIPAL Rosa Paulina Molina Gallo SECRETARIA-TESORERA<\/p>\n","protected":false},"author":3,"featured_media":0,"parent":0,"menu_order":0,"comment_status":"closed","ping_status":"closed","template":"","meta":{"site-sidebar-layout":"default","site-content-layout":"","ast-site-content-layout":"","site-content-style":"default","site-sidebar-style":"default","ast-global-header-display":"","ast-banner-title-visibility":"","ast-main-header-display":"","ast-hfb-above-header-display":"","ast-hfb-below-header-display":"","ast-hfb-mobile-header-display":"","site-post-title":"","ast-breadcrumbs-content":"","ast-featured-img":"","footer-sml-layout":"","theme-transparent-header-meta":"","adv-header-id-meta":"","stick-header-meta":"","header-above-stick-meta":"","header-main-stick-meta":"","header-below-stick-meta":"","astra-migrate-meta-layouts":"default","ast-page-background-enabled":"default","ast-page-background-meta":{"desktop":{"background-color":"var(--ast-global-color-4)","background-image":"","background-repeat":"repeat","background-position":"center center","background-size":"auto","background-attachment":"scroll","background-type":"","background-media":"","overlay-type":"","overlay-color":"","overlay-opacity":"","overlay-gradient":""},"tablet":{"background-color":"","background-image":"","background-repeat":"repeat","background-position":"center center","background-size":"auto","background-attachment":"scroll","background-type":"","background-media":"","overlay-type":"","overlay-color":"","overlay-opacity":"","overlay-gradient":""},"mobile":{"background-color":"","background-image":"","background-repeat":"repeat","background-position":"center center","background-size":"auto","background-attachment":"scroll","background-type":"","background-media":"","overlay-type":"","overlay-color":"","overlay-opacity":"","overlay-gradient":""}},"ast-content-background-meta":{"desktop":{"background-color":"var(--ast-global-color-5)","background-image":"","background-repeat":"repeat","background-position":"center center","background-size":"auto","background-attachment":"scroll","background-type":"","background-media":"","overlay-type":"","overlay-color":"","overlay-opacity":"","overlay-gradient":""},"tablet":{"background-color":"var(--ast-global-color-5)","background-image":"","background-repeat":"repeat","background-position":"center center","background-size":"auto","background-attachment":"scroll","background-type":"","background-media":"","overlay-type":"","overlay-color":"","overlay-opacity":"","overlay-gradient":""},"mobile":{"background-color":"var(--ast-global-color-5)","background-image":"","background-repeat":"repeat","background-position":"center center","background-size":"auto","background-attachment":"scroll","background-type":"","background-media":"","overlay-type":"","overlay-color":"","overlay-opacity":"","overlay-gradient":""}},"footnotes":""},"class_list":["post-1196","page","type-page","status-publish","hentry"],"yoast_head":"<!-- This site is optimized with the Yoast SEO plugin v26.5 - https:\/\/yoast.com\/wordpress\/plugins\/seo\/ -->\n<title>Gesti\u00f3n 2019 - 2023 -<\/title>\n<meta name=\"robots\" content=\"index, follow, max-snippet:-1, max-image-preview:large, max-video-preview:-1\" \/>\n<link rel=\"canonical\" href=\"https:\/\/joseguangobajo.gob.ec\/cotopaxi\/gestion-2019-2023\/\" \/>\n<meta property=\"og:locale\" content=\"es_ES\" \/>\n<meta property=\"og:type\" content=\"article\" \/>\n<meta property=\"og:title\" content=\"Gesti\u00f3n 2019 - 2023 -\" \/>\n<meta property=\"og:description\" content=\"H\u00e9ctor Iv\u00e1n Viera Tomaico PRESIDENTE GAD PARROQUIAL Oscar Humberto Guti\u00e9rrez Guano VICEPRESIDENTE Marco Vinicio Venegas Yugsi VOCAL PRINCIPAL Edgar Ramiro Y\u00e1nez Arias VOCAL PRINCIPAL M\u00f3nica Liliana Rengifo Gallo VOCAL PRINCIPAL Rosa Paulina Molina Gallo SECRETARIA-TESORERA\" \/>\n<meta property=\"og:url\" content=\"https:\/\/joseguangobajo.gob.ec\/cotopaxi\/gestion-2019-2023\/\" \/>\n<meta property=\"article:modified_time\" content=\"2023-04-26T21:31:49+00:00\" \/>\n<meta property=\"og:image\" content=\"https:\/\/joseguangobajo.gob.ec\/cotopaxi\/wp-content\/uploads\/2023\/04\/AUTORIDADES2019-2023-550x479.png\" \/>\n<meta name=\"twitter:card\" content=\"summary_large_image\" \/>\n<meta name=\"twitter:label1\" content=\"Tiempo de lectura\" \/>\n\t<meta name=\"twitter:data1\" content=\"1 minuto\" \/>\n<script type=\"application\/ld+json\" class=\"yoast-schema-graph\">{\"@context\":\"https:\/\/schema.org\",\"@graph\":[{\"@type\":\"WebPage\",\"@id\":\"https:\/\/joseguangobajo.gob.ec\/cotopaxi\/gestion-2019-2023\/\",\"url\":\"https:\/\/joseguangobajo.gob.ec\/cotopaxi\/gestion-2019-2023\/\",\"name\":\"Gesti\u00f3n 2019 - 2023 -\",\"isPartOf\":{\"@id\":\"https:\/\/joseguangobajo.gob.ec\/cotopaxi\/#website\"},\"primaryImageOfPage\":{\"@id\":\"https:\/\/joseguangobajo.gob.ec\/cotopaxi\/gestion-2019-2023\/#primaryimage\"},\"image\":{\"@id\":\"https:\/\/joseguangobajo.gob.ec\/cotopaxi\/gestion-2019-2023\/#primaryimage\"},\"thumbnailUrl\":\"https:\/\/joseguangobajo.gob.ec\/cotopaxi\/wp-content\/uploads\/2023\/04\/AUTORIDADES2019-2023-550x479.png\",\"datePublished\":\"2023-04-26T21:27:40+00:00\",\"dateModified\":\"2023-04-26T21:31:49+00:00\",\"breadcrumb\":{\"@id\":\"https:\/\/joseguangobajo.gob.ec\/cotopaxi\/gestion-2019-2023\/#breadcrumb\"},\"inLanguage\":\"es\",\"potentialAction\":[{\"@type\":\"ReadAction\",\"target\":[\"https:\/\/joseguangobajo.gob.ec\/cotopaxi\/gestion-2019-2023\/\"]}]},{\"@type\":\"ImageObject\",\"inLanguage\":\"es\",\"@id\":\"https:\/\/joseguangobajo.gob.ec\/cotopaxi\/gestion-2019-2023\/#primaryimage\",\"url\":\"https:\/\/joseguangobajo.gob.ec\/cotopaxi\/wp-content\/uploads\/2023\/04\/AUTORIDADES2019-2023.png\",\"contentUrl\":\"https:\/\/joseguangobajo.gob.ec\/cotopaxi\/wp-content\/uploads\/2023\/04\/AUTORIDADES2019-2023.png\",\"width\":617,\"height\":537},{\"@type\":\"BreadcrumbList\",\"@id\":\"https:\/\/joseguangobajo.gob.ec\/cotopaxi\/gestion-2019-2023\/#breadcrumb\",\"itemListElement\":[{\"@type\":\"ListItem\",\"position\":1,\"name\":\"Home\",\"item\":\"https:\/\/joseguangobajo.gob.ec\/cotopaxi\/\"},{\"@type\":\"ListItem\",\"position\":2,\"name\":\"Gesti\u00f3n 2019 &#8211; 2023\"}]},{\"@type\":\"WebSite\",\"@id\":\"https:\/\/joseguangobajo.gob.ec\/cotopaxi\/#website\",\"url\":\"https:\/\/joseguangobajo.gob.ec\/cotopaxi\/\",\"name\":\"\",\"description\":\"Sitio Oficial del GAD Parroquial de Jos\u00e9guango Bajo Cotopaxi\",\"potentialAction\":[{\"@type\":\"SearchAction\",\"target\":{\"@type\":\"EntryPoint\",\"urlTemplate\":\"https:\/\/joseguangobajo.gob.ec\/cotopaxi\/?s={search_term_string}\"},\"query-input\":{\"@type\":\"PropertyValueSpecification\",\"valueRequired\":true,\"valueName\":\"search_term_string\"}}],\"inLanguage\":\"es\"}]}<\/script>\n<!-- \/ Yoast SEO plugin. -->","yoast_head_json":{"title":"Gesti\u00f3n 2019 - 2023 -","robots":{"index":"index","follow":"follow","max-snippet":"max-snippet:-1","max-image-preview":"max-image-preview:large","max-video-preview":"max-video-preview:-1"},"canonical":"https:\/\/joseguangobajo.gob.ec\/cotopaxi\/gestion-2019-2023\/","og_locale":"es_ES","og_type":"article","og_title":"Gesti\u00f3n 2019 - 2023 -","og_description":"H\u00e9ctor Iv\u00e1n Viera Tomaico PRESIDENTE GAD PARROQUIAL Oscar Humberto Guti\u00e9rrez Guano VICEPRESIDENTE Marco Vinicio Venegas Yugsi VOCAL PRINCIPAL Edgar Ramiro Y\u00e1nez Arias VOCAL PRINCIPAL M\u00f3nica Liliana Rengifo Gallo VOCAL PRINCIPAL Rosa Paulina Molina Gallo SECRETARIA-TESORERA","og_url":"https:\/\/joseguangobajo.gob.ec\/cotopaxi\/gestion-2019-2023\/","article_modified_time":"2023-04-26T21:31:49+00:00","og_image":[{"url":"https:\/\/joseguangobajo.gob.ec\/cotopaxi\/wp-content\/uploads\/2023\/04\/AUTORIDADES2019-2023-550x479.png","type":"","width":"","height":""}],"twitter_card":"summary_large_image","twitter_misc":{"Tiempo de lectura":"1 minuto"},"schema":{"@context":"https:\/\/schema.org","@graph":[{"@type":"WebPage","@id":"https:\/\/joseguangobajo.gob.ec\/cotopaxi\/gestion-2019-2023\/","url":"https:\/\/joseguangobajo.gob.ec\/cotopaxi\/gestion-2019-2023\/","name":"Gesti\u00f3n 2019 - 2023 -","isPartOf":{"@id":"https:\/\/joseguangobajo.gob.ec\/cotopaxi\/#website"},"primaryImageOfPage":{"@id":"https:\/\/joseguangobajo.gob.ec\/cotopaxi\/gestion-2019-2023\/#primaryimage"},"image":{"@id":"https:\/\/joseguangobajo.gob.ec\/cotopaxi\/gestion-2019-2023\/#primaryimage"},"thumbnailUrl":"https:\/\/joseguangobajo.gob.ec\/cotopaxi\/wp-content\/uploads\/2023\/04\/AUTORIDADES2019-2023-550x479.png","datePublished":"2023-04-26T21:27:40+00:00","dateModified":"2023-04-26T21:31:49+00:00","breadcrumb":{"@id":"https:\/\/joseguangobajo.gob.ec\/cotopaxi\/gestion-2019-2023\/#breadcrumb"},"inLanguage":"es","potentialAction":[{"@type":"ReadAction","target":["https:\/\/joseguangobajo.gob.ec\/cotopaxi\/gestion-2019-2023\/"]}]},{"@type":"ImageObject","inLanguage":"es","@id":"https:\/\/joseguangobajo.gob.ec\/cotopaxi\/gestion-2019-2023\/#primaryimage","url":"https:\/\/joseguangobajo.gob.ec\/cotopaxi\/wp-content\/uploads\/2023\/04\/AUTORIDADES2019-2023.png","contentUrl":"https:\/\/joseguangobajo.gob.ec\/cotopaxi\/wp-content\/uploads\/2023\/04\/AUTORIDADES2019-2023.png","width":617,"height":537},{"@type":"BreadcrumbList","@id":"https:\/\/joseguangobajo.gob.ec\/cotopaxi\/gestion-2019-2023\/#breadcrumb","itemListElement":[{"@type":"ListItem","position":1,"name":"Home","item":"https:\/\/joseguangobajo.gob.ec\/cotopaxi\/"},{"@type":"ListItem","position":2,"name":"Gesti\u00f3n 2019 &#8211; 2023"}]},{"@type":"WebSite","@id":"https:\/\/joseguangobajo.gob.ec\/cotopaxi\/#website","url":"https:\/\/joseguangobajo.gob.ec\/cotopaxi\/","name":"","description":"Sitio Oficial del GAD Parroquial de Jos\u00e9guango Bajo Cotopaxi","potentialAction":[{"@type":"SearchAction","target":{"@type":"EntryPoint","urlTemplate":"https:\/\/joseguangobajo.gob.ec\/cotopaxi\/?s={search_term_string}"},"query-input":{"@type":"PropertyValueSpecification","valueRequired":true,"valueName":"search_term_string"}}],"inLanguage":"es"}]}},"_links":{"self":[{"href":"https:\/\/joseguangobajo.gob.ec\/cotopaxi\/wp-json\/wp\/v2\/pages\/1196","targetHints":{"allow":["GET"]}}],"collection":[{"href":"https:\/\/joseguangobajo.gob.ec\/cotopaxi\/wp-json\/wp\/v2\/pages"}],"about":[{"href":"https:\/\/joseguangobajo.gob.ec\/cotopaxi\/wp-json\/wp\/v2\/types\/page"}],"author":[{"embeddable":true,"href":"https:\/\/joseguangobajo.gob.ec\/cotopaxi\/wp-json\/wp\/v2\/users\/3"}],"replies":[{"embeddable":true,"href":"https:\/\/joseguangobajo.gob.ec\/cotopaxi\/wp-json\/wp\/v2\/comments?post=1196"}],"version-history":[{"count":3,"href":"https:\/\/joseguangobajo.gob.ec\/cotopaxi\/wp-json\/wp\/v2\/pages\/1196\/revisions"}],"predecessor-version":[{"id":1202,"href":"https:\/\/joseguangobajo.gob.ec\/cotopaxi\/wp-json\/wp\/v2\/pages\/1196\/revisions\/1202"}],"wp:attachment":[{"href":"https:\/\/joseguangobajo.gob.ec\/cotopaxi\/wp-json\/wp\/v2\/media?parent=1196"}],"curies":[{"name":"wp","href":"https:\/\/api.w.org\/{rel}","templated":true}]}}